{"id":154,"date":"2020-06-09T07:26:12","date_gmt":"2020-06-09T07:26:12","guid":{"rendered":"https:\/\/grundschule-fah.de\/?page_id=154"},"modified":"2025-03-23T13:55:12","modified_gmt":"2025-03-23T11:55:12","slug":"schulsozialarbeit","status":"publish","type":"page","link":"https:\/\/grundschule-fah.de\/?page_id=154","title":{"rendered":"Sozialarbeit"},"content":{"rendered":"<p>[et_pb_section fb_built=&#8220;1&#8243; fullwidth=&#8220;on&#8220; admin_label=&#8220;Header Section&#8220; _builder_version=&#8220;4.21.0&#8243; background_image=&#8220;https:\/\/grundschule-fah.de\/wp-content\/uploads\/2023\/07\/shapes-bg-color.png&#8220; parallax=&#8220;on&#8220; top_divider_style=&#8220;clouds2&#8243; top_divider_color=&#8220;rgba(255,255,255,0.3)&#8220; top_divider_height=&#8220;100%&#8220; bottom_divider_height=&#8220;30px&#8220; global_colors_info=&#8220;{}&#8220;][et_pb_fullwidth_header subhead=&#8220;Schulsozialarbeit&#8220; text_orientation=&#8220;center&#8220; _builder_version=&#8220;4.21.0&#8243; title_level=&#8220;h2&#8243; title_font=&#8220;Rubik|700||on|||||&#8220; title_text_color=&#8220;#ff7355&#8243; title_font_size=&#8220;16px&#8220; title_letter_spacing=&#8220;5px&#8220; title_line_height=&#8220;2em&#8220; content_font=&#8220;Rubik||||||||&#8220; content_font_size=&#8220;18px&#8220; content_line_height=&#8220;2em&#8220; subhead_font=&#8220;Rubik|700|||||||&#8220; subhead_text_color=&#8220;rgba(0,0,0,0.8)&#8220; subhead_font_size=&#8220;50px&#8220; subhead_line_height=&#8220;1.4em&#8220; background_color=&#8220;rgba(255,255,255,0)&#8220; use_background_color_gradient=&#8220;on&#8220; background_color_gradient_stops=&#8220;rgba(255,255,255,0.7) 0%|#ffffff 100%&#8220; background_color_gradient_start=&#8220;rgba(255,255,255,0.7)&#8220; background_color_gradient_end=&#8220;#ffffff&#8220; background_size=&#8220;contain&#8220; background_position=&#8220;bottom_center&#8220; custom_button_one=&#8220;on&#8220; button_one_text_size=&#8220;16px&#8220; button_one_text_color=&#8220;#ffffff&#8220; button_one_bg_color=&#8220;#ff7355&#8243; button_one_border_width=&#8220;15px&#8220; button_one_border_color=&#8220;rgba(210,159,104,0)&#8220; button_one_border_radius=&#8220;100px&#8220; button_one_letter_spacing=&#8220;0px&#8220; button_one_font=&#8220;Rubik|700|||||||&#8220; button_one_use_icon=&#8220;off&#8220; custom_button_two=&#8220;on&#8220; button_two_text_size=&#8220;16px&#8220; button_two_text_color=&#8220;#ffffff&#8220; button_two_bg_color=&#8220;rgba(0,0,0,0.6)&#8220; button_two_border_width=&#8220;15px&#8220; button_two_border_color=&#8220;rgba(210,159,104,0)&#8220; button_two_border_radius=&#8220;100px&#8220; button_two_letter_spacing=&#8220;0px&#8220; button_two_font=&#8220;Rubik|700|||||||&#8220; button_two_use_icon=&#8220;off&#8220; background_layout=&#8220;light&#8220; custom_margin=&#8220;|||&#8220; custom_padding=&#8220;8vw||4vw|&#8220; animation_style=&#8220;slide&#8220; animation_direction=&#8220;bottom&#8220; animation_intensity_slide=&#8220;1%&#8220; subhead_font_size_tablet=&#8220;&#8220; subhead_font_size_phone=&#8220;30px&#8220; subhead_font_size_last_edited=&#8220;on|phone&#8220; button_one_border_radius_hover=&#8220;100px&#8220; button_two_border_radius_hover=&#8220;100px&#8220; button_one_bg_color_hover=&#8220;#ff8a70&#8243; button_two_bg_color_hover=&#8220;#ff8a70&#8243; global_colors_info=&#8220;{}&#8220; button_one_text_size__hover_enabled=&#8220;off&#8220; button_two_text_size__hover_enabled=&#8220;off&#8220; button_one_text_color__hover_enabled=&#8220;off&#8220; button_two_text_color__hover_enabled=&#8220;off&#8220; button_one_border_width__hover_enabled=&#8220;off&#8220; button_two_border_width__hover_enabled=&#8220;off&#8220; button_one_border_color__hover_enabled=&#8220;off&#8220; button_two_border_color__hover_enabled=&#8220;off&#8220; button_one_border_radius__hover_enabled=&#8220;on&#8220; button_one_border_radius__hover=&#8220;100px&#8220; button_two_border_radius__hover_enabled=&#8220;on&#8220; button_two_border_radius__hover=&#8220;100px&#8220; button_one_letter_spacing__hover_enabled=&#8220;off&#8220; button_two_letter_spacing__hover_enabled=&#8220;off&#8220; button_one_bg_color__hover_enabled=&#8220;on&#8220; button_one_bg_color__hover=&#8220;#ff8a70&#8243; button_two_bg_color__hover_enabled=&#8220;on&#8220; button_two_bg_color__hover=&#8220;#ff8a70&#8243;][\/et_pb_fullwidth_header][\/et_pb_section][et_pb_section fb_built=&#8220;1&#8243; background_color_gradient_stops_1=&#8220;#2b87da 0%|#c7cbd4 100%&#8220; background_color_gradient_end_1=&#8220;#c7cbd4&#8243; admin_label=&#8220;Feature&#8220; _builder_version=&#8220;4.16&#8243; background_color=&#8220;#7f5aff&#8220; custom_padding=&#8220;0|0px|0|0px|false|false&#8220; locked=&#8220;off&#8220; global_colors_info=&#8220;{}&#8220;][\/et_pb_section][et_pb_section fb_built=&#8220;1&#8243; custom_padding_last_edited=&#8220;on|desktop&#8220; admin_label=&#8220;3 Buttons&#8220; _builder_version=&#8220;4.16&#8243; background_color=&#8220;#5b41db&#8220; custom_padding=&#8220;0||0|50%|false|false&#8220; custom_padding_tablet=&#8220;|10%||10%&#8220; custom_padding_phone=&#8220;&#8220; global_colors_info=&#8220;{}&#8220;][et_pb_row column_structure=&#8220;1_3,1_3,1_3&#8243; use_custom_gutter=&#8220;on&#8220; gutter_width=&#8220;1&#8243; custom_padding_last_edited=&#8220;off|desktop&#8220; _builder_version=&#8220;4.16&#8243; width=&#8220;100%&#8220; max_width=&#8220;100%&#8220; custom_margin=&#8220;|||&#8220; custom_padding=&#8220;0px|2px|0px||true|false&#8220; custom_padding_tablet=&#8220;20px|||&#8220; animation_style=&#8220;slide&#8220; animation_direction=&#8220;top&#8220; animation_delay=&#8220;200ms&#8220; border_radii=&#8220;||||80px&#8220; use_custom_width=&#8220;on&#8220; width_unit=&#8220;off&#8220; custom_width_percent=&#8220;100%&#8220; global_colors_info=&#8220;{}&#8220;][et_pb_column type=&#8220;1_3&#8243; _builder_version=&#8220;4.16&#8243; custom_padding=&#8220;|||&#8220; global_colors_info=&#8220;{}&#8220; custom_padding__hover=&#8220;|||&#8220;][\/et_pb_column][et_pb_column type=&#8220;1_3&#8243; _builder_version=&#8220;4.16&#8243; custom_padding=&#8220;|||&#8220; global_colors_info=&#8220;{}&#8220; custom_padding__hover=&#8220;|||&#8220;][\/et_pb_column][et_pb_column type=&#8220;1_3&#8243; _builder_version=&#8220;4.16&#8243; custom_padding=&#8220;|||&#8220; global_colors_info=&#8220;{}&#8220; custom_padding__hover=&#8220;|||&#8220;][et_pb_image src=&#8220;https:\/\/grundschule-fah.de\/wp-content\/uploads\/2025\/03\/IMG_1330.jpeg&#8220; title_text=&#8220;Screenshot&#8220; _builder_version=&#8220;4.27.4&#8243; _module_preset=&#8220;default&#8220; global_colors_info=&#8220;{}&#8220;][\/et_pb_image][\/et_pb_column][\/et_pb_row][\/et_pb_section][et_pb_section fb_built=&#8220;1&#8243; background_color_gradient_stops_1=&#8220;#2b87da 0%|#c7cbd4 100%&#8220; background_color_gradient_end_1=&#8220;#c7cbd4&#8243; admin_label=&#8220;Feature&#8220; _builder_version=&#8220;4.16&#8243; custom_padding=&#8220;0|0px|0|0px|false|false&#8220; locked=&#8220;off&#8220; global_colors_info=&#8220;{}&#8220;][et_pb_row column_structure=&#8220;1_2,1_2&#8243; use_custom_gutter=&#8220;on&#8220; gutter_width=&#8220;1&#8243; make_equal=&#8220;on&#8220; padding_top_bottom_link_1=&#8220;true&#8220; padding_top_bottom_link_2=&#8220;true&#8220; module_class=&#8220; et_pb_row_fullwidth&#8220; _builder_version=&#8220;4.16&#8243; width=&#8220;100%&#8220; width_tablet=&#8220;100%&#8220; width_phone=&#8220;100%&#8220; width_last_edited=&#8220;on|desktop&#8220; max_width=&#8220;100%&#8220; max_width_tablet=&#8220;100%&#8220; max_width_phone=&#8220;100%&#8220; max_width_last_edited=&#8220;on|desktop&#8220; min_height=&#8220;3158.7px&#8220; custom_padding=&#8220;0px|0px|0px|0px&#8220; make_fullwidth=&#8220;on&#8220; global_colors_info=&#8220;{}&#8220;][et_pb_column type=&#8220;1_2&#8243; _builder_version=&#8220;4.16&#8243; background_color=&#8220;#3a5063&#8243; custom_padding=&#8220;120px|80px|120px|10%&#8220; custom_padding_tablet=&#8220;|10%||10%||true&#8220; custom_padding_phone=&#8220;|10%||10%||true&#8220; custom_padding_last_edited=&#8220;on|tablet&#8220; global_colors_info=&#8220;{}&#8220; padding_tablet=&#8220;|10%||10%||true&#8220; padding_last_edited=&#8220;on|tablet&#8220; custom_padding__hover=&#8220;|||&#8220; padding_phone=&#8220;|10%||10%||true&#8220;][et_pb_text admin_label=&#8220;Title&#8220; _builder_version=&#8220;4.21.0&#8243; text_font=&#8220;Rubik|500|||||||&#8220; text_font_size=&#8220;16px&#8220; text_line_height=&#8220;2em&#8220; quote_font=&#8220;||||||||&#8220; header_font=&#8220;||||||||&#8220; header_2_font=&#8220;Cabin Sketch|700||on|||||&#8220; header_2_font_size=&#8220;40px&#8220; header_2_letter_spacing=&#8220;6px&#8220; header_2_line_height=&#8220;1.4em&#8220; header_5_font=&#8220;Rubik|700||on|||||&#8220; header_5_text_color=&#8220;#ff9c02&#8243; header_5_letter_spacing=&#8220;5px&#8220; header_5_line_height=&#8220;1.2em&#8220; background_layout=&#8220;dark&#8220; max_width=&#8220;600px&#8220; max_width_tablet=&#8220;&#8220; max_width_phone=&#8220;&#8220; max_width_last_edited=&#8220;on|phone&#8220; custom_margin=&#8220;|||-35px||&#8220; custom_margin_tablet=&#8220;|70px||70px&#8220; custom_margin_phone=&#8220;|50px||50px&#8220; custom_margin_last_edited=&#8220;off|desktop&#8220; custom_padding=&#8220;18px|||3px||&#8220; text_line_height_last_edited=&#8220;off|desktop&#8220; header_2_font_size_tablet=&#8220;&#8220; header_2_font_size_phone=&#8220;30px&#8220; header_2_font_size_last_edited=&#8220;on|phone&#8220; locked=&#8220;off&#8220; inline_fonts=&#8220;Sacramento&#8220; global_colors_info=&#8220;{}&#8220;]<\/p>\n<p>\u00a0 \u00a0 \u00a0 \u00a0 \u00a0 \u00a0 \u00a0 \u00a0 \u00a0 \u00a0 \u00a0 \u00a0 \u00a0 \u00a0 \u00a0 \u00a0 \u00a0 \u00a0 \u00a0 \u00a0 \u00a0 \u00a0 \u00a0 \u00a0 \u00a0 \u00a0 \u00a0\u00a0<span style=\"font-size: x-large;\"> Sozialp\u00e4dagogin Ines Wotte<\/span><\/p>\n<p>&nbsp;<\/p>\n<p>&nbsp;<\/p>\n<p>Liebe Eltern und Erziehungsberechtigte,<\/p>\n<p>ich m\u00f6chte mich gerne einmal vorstellen.<\/p>\n<p>Mein Name ist Ines Wotte, ich bin Sozialp\u00e4dagogin und seit dem 01.09.2024 Schulsozialarbeiterin hier an der Grundschule.<\/p>\n<p>Montags bis freitags bin ich zwischen 8.00 Uhr und 12.00 Uhr erreichbar.<\/p>\n<p>Nach Bedarf k\u00f6nnen individuelle Gespr\u00e4chstermine vereinbart werden.<\/p>\n<p>Meine Email Adresse lautet:<\/p>\n<p>&nbsp;<\/p>\n<p>\u00a0\u00a0\u00a0\u00a0\u00a0\u00a0 \u00a0\u00a0 \u00a0\u00a0 \u00a0\u00a0 \u00a0\u00a0 \u00a0\u00a0 \u00a0\u00a0 \u00a0\u00a0 \u00a0\u00a0 \u00a0\u00a0 \u00a0\u00a0 \u00a0\u00a0 \u00a0\u00a0 \u00a0\u00a0 \u00a0\u00a0 \u00a0\u00a0 \u00a0\u00a0 \u00a0\u00a0 \u00a0\u00a0 \u00a0\u00a0 \u00a0\u00a0 \u00a0\u00a0 \u00a0\u00a0<a href=\"mailto:ines.wotte@gs-fah.de\">ines.wotte@gs-fah.de<\/a><\/p>\n<p>&nbsp;<\/p>\n<p>\u00a0Ines Wotte<\/p>\n<p>Schulsozialarbeit<\/p>\n<p>Grundschule Friedrich-August-H\u00fctte<\/p>\n<p>Margaretenstra\u00dfe 30<\/p>\n<p>26954 Nordenham<\/p>\n<p>Tel. 04731\/ 247307<\/p>\n<p><a href=\"mailto:ines.wotte@gs-fah.de\">ines.wotte@gs-fah.de<\/a><\/p>\n<p>Ich freue mich auf viele neue Kontakte sowie eine gute und vertrauensvolle Zusammenarbeit.<\/p>\n<p>\u00a0Mit freundlichen Gr\u00fc\u00dfen<\/p>\n<p>\u00a0Ines Wotte<\/p>\n<p>&nbsp;<\/p>\n<p>&nbsp;<\/p>\n<p>&nbsp;<\/p>\n<p>&nbsp;<\/p>\n<p>SCHULSOZIALARBEIT<\/p>\n<p>Die Schulsozialarbeit an der Grundschule FAH richtet sich an alle Sch\u00fclerinnen und Sch\u00fcler, Lehrerinnen und Lehrer, Eltern und sonstige Akteure in der und um die Schule. Die Sozialp\u00e4dagogin ist vorwiegend in der Schule. Dort hilft, ber\u00e4t und unterst\u00fctzt sie bei Fragen, Sorgen oder Problemen rund um die Schule. Sie bietet Raum f\u00fcr Gespr\u00e4che und die Vermittlung von speziellen Beratungs-und Hilfeeinrichtungen. Durch ihren niederschwelligen, aufsuchenden Charakter ist Schulsozialarbeit Pr\u00e4vention und Intervention vor Ort und hat schwerpunktm\u00e4\u00dfig die Sch\u00fclerinnen und Sch\u00fcler im Blick, die auf Unterst\u00fctzung angewiesen sind.<\/p>\n<p>&nbsp;<\/p>\n<p>&nbsp;<\/p>\n<p>&nbsp;<\/p>\n<p>&nbsp;<\/p>\n<p>&nbsp;<\/p>\n<p>&nbsp;<\/p>\n<p>&nbsp;<\/p>\n<p>&nbsp;<\/p>\n<p>&nbsp;<\/p>\n<p>[\/et_pb_text][\/et_pb_column][et_pb_column type=&#8220;1_2&#8243; _builder_version=&#8220;4.16&#8243; background_color_gradient_direction=&#8220;90deg&#8220; background_color_gradient_start=&#8220;#ff7355&#8243; background_color_gradient_end=&#8220;rgba(255,115,85,0.6)&#8220; background_image=&#8220;https:\/\/grundschule-fah.de\/wp-content\/uploads\/2023\/07\/pencils.jpg&#8220; custom_padding=&#8220;120px|10%|120px|80px&#8220; custom_padding_tablet=&#8220;|10%||10%||true&#8220; custom_padding_phone=&#8220;|10%||10%||true&#8220; custom_padding_last_edited=&#8220;on|tablet&#8220; global_colors_info=&#8220;{}&#8220; padding_tablet=&#8220;|10%||10%||true&#8220; padding_last_edited=&#8220;on|tablet&#8220; custom_padding__hover=&#8220;|||&#8220; padding_phone=&#8220;|10%||10%||true&#8220;][et_pb_divider color=&#8220;rgba(0,0,0,0)&#8220; _builder_version=&#8220;4.16&#8243; height=&#8220;200px&#8220; locked=&#8220;off&#8220; global_colors_info=&#8220;{}&#8220;][\/et_pb_divider][\/et_pb_column][\/et_pb_row][et_pb_row column_structure=&#8220;1_2,1_2&#8243; use_custom_gutter=&#8220;on&#8220; gutter_width=&#8220;1&#8243; make_equal=&#8220;on&#8220; padding_top_bottom_link_1=&#8220;true&#8220; padding_top_bottom_link_2=&#8220;true&#8220; module_class=&#8220; et_pb_row_fullwidth&#8220; _builder_version=&#8220;4.21.2&#8243; background_color=&#8220;#dee8ef&#8220; width=&#8220;100%&#8220; width_tablet=&#8220;100%&#8220; width_phone=&#8220;100%&#8220; width_last_edited=&#8220;on|desktop&#8220; max_width=&#8220;100%&#8220; max_width_tablet=&#8220;100%&#8220; max_width_phone=&#8220;100%&#8220; max_width_last_edited=&#8220;on|desktop&#8220; custom_padding=&#8220;0px|0px|0px|0px&#8220; make_fullwidth=&#8220;on&#8220; global_colors_info=&#8220;{}&#8220;][et_pb_column type=&#8220;1_2&#8243; _builder_version=&#8220;4.21.2&#8243; background_image=&#8220;https:\/\/grundschule-fah.de\/wp-content\/uploads\/2023\/07\/drg.jpg&#8220; custom_padding=&#8220;120px|80px|120px|10%&#8220; custom_padding_tablet=&#8220;|10%||10%||true&#8220; custom_padding_phone=&#8220;|10%||10%||true&#8220; custom_padding_last_edited=&#8220;on|tablet&#8220; global_colors_info=&#8220;{}&#8220; padding_tablet=&#8220;|10%||10%||true&#8220; padding_last_edited=&#8220;on|tablet&#8220; custom_padding__hover=&#8220;|||&#8220; padding_phone=&#8220;|10%||10%||true&#8220;][et_pb_divider color=&#8220;rgba(0,0,0,0)&#8220; _builder_version=&#8220;4.16&#8243; height=&#8220;200px&#8220; locked=&#8220;off&#8220; global_colors_info=&#8220;{}&#8220;][\/et_pb_divider][\/et_pb_column][et_pb_column type=&#8220;1_2&#8243; _builder_version=&#8220;4.21.2&#8243; background_color_gradient_direction=&#8220;90deg&#8220; background_color_gradient_start=&#8220;#ff7355&#8243; background_color_gradient_end=&#8220;rgba(255,115,85,0.6)&#8220; custom_padding=&#8220;120px|10%|120px|80px&#8220; custom_padding_tablet=&#8220;|10%||10%||true&#8220; custom_padding_phone=&#8220;|10%||10%||true&#8220; custom_padding_last_edited=&#8220;on|tablet&#8220; global_colors_info=&#8220;{}&#8220; padding_tablet=&#8220;|10%||10%||true&#8220; padding_last_edited=&#8220;on|tablet&#8220; custom_padding__hover=&#8220;|||&#8220; padding_phone=&#8220;|10%||10%||true&#8220;][et_pb_text admin_label=&#8220;Title&#8220; _builder_version=&#8220;4.21.0&#8243; text_font=&#8220;Rubik|500|||||||&#8220; text_font_size=&#8220;16px&#8220; text_line_height=&#8220;2em&#8220; quote_font=&#8220;||||||||&#8220; header_font=&#8220;||||||||&#8220; header_2_font=&#8220;Cabin Sketch|700||on|||||&#8220; header_2_font_size=&#8220;40px&#8220; header_2_letter_spacing=&#8220;6px&#8220; header_2_line_height=&#8220;1.4em&#8220; header_5_font=&#8220;Rubik|700||on|||||&#8220; header_5_text_color=&#8220;#2b76df&#8220; header_5_letter_spacing=&#8220;5px&#8220; header_5_line_height=&#8220;1.2em&#8220; max_width=&#8220;600px&#8220; max_width_tablet=&#8220;&#8220; max_width_phone=&#8220;&#8220; max_width_last_edited=&#8220;on|phone&#8220; custom_margin=&#8220;||30px|&#8220; custom_margin_tablet=&#8220;|70px||70px&#8220; custom_margin_phone=&#8220;|50px||50px&#8220; custom_margin_last_edited=&#8220;off|desktop&#8220; custom_padding=&#8220;|||&#8220; text_line_height_last_edited=&#8220;off|desktop&#8220; header_2_font_size_tablet=&#8220;&#8220; header_2_font_size_phone=&#8220;30px&#8220; header_2_font_size_last_edited=&#8220;on|phone&#8220; locked=&#8220;off&#8220; inline_fonts=&#8220;Sacramento&#8220; global_colors_info=&#8220;{}&#8220;]<\/p>\n<h5>Kontakt<\/h5>\n<h2>Schulsozialarbeit<\/h2>\n<p>Schulsozialarbeiterin an der Grundschule FAH ist Ines Wotte <span>\u00a0\u00a0<\/span><\/p>\n<p><a href=\"mailto:ines.wotte@gs-fah.de\">Mail : ines.wotte@gs-fah.de<\/a>\u00a0<\/p>\n<p>&nbsp;<\/p>\n<p>&nbsp;<\/p>\n<p>[\/et_pb_text][\/et_pb_column][\/et_pb_row][\/et_pb_section][et_pb_section fb_built=&#8220;1&#8243; background_color_gradient_stops_1=&#8220;#2b87da 0%|#c7cbd4 100%&#8220; background_color_gradient_end_1=&#8220;#c7cbd4&#8243; admin_label=&#8220;Feature&#8220; _builder_version=&#8220;4.16&#8243; custom_padding=&#8220;0|0px|0|0px|false|false&#8220; locked=&#8220;off&#8220; global_colors_info=&#8220;{}&#8220;][\/et_pb_section]<\/p>\n","protected":false},"excerpt":{"rendered":"<p>\u00a0 \u00a0 \u00a0 \u00a0 \u00a0 \u00a0 \u00a0 \u00a0 \u00a0 \u00a0 \u00a0 \u00a0 \u00a0 \u00a0 \u00a0 \u00a0 \u00a0 \u00a0 \u00a0 \u00a0 \u00a0 \u00a0 \u00a0 \u00a0 \u00a0 \u00a0 \u00a0\u00a0 Sozialp\u00e4dagogin Ines Wotte &nbsp; &nbsp; Liebe Eltern und Erziehungsberechtigte, ich m\u00f6chte mich gerne einmal vorstellen. Mein Name ist Ines Wotte, ich bin Sozialp\u00e4dagogin und seit dem 01.09.2024 Schulsozialarbeiterin [&hellip;]<\/p>\n","protected":false},"author":1,"featured_media":0,"parent":0,"menu_order":0,"comment_status":"closed","ping_status":"closed","template":"","meta":{"_et_pb_use_builder":"on","_et_pb_old_content":"<!-- wp:paragraph -->\n<p><strong><em>Schulsozialarbeit<\/em><\/strong><strong><em><\/em><\/strong><\/p>\n<!-- \/wp:paragraph -->\n\n<!-- wp:paragraph -->\n<p><br>Die Schulsozialarbeit an der Grundschule FAH richtet sich an alle Sch\u00fclerinnen und Sch\u00fcler, Lehrerinnen und Lehrer, Eltern und sonstige Akteure in der und um die Schule. Der Schulsozialp\u00e4dagoge ist vorwiegend in der Schule. Dort hilft, ber\u00e4t und unterst\u00fctzt er bei Fragen, Sorgen oder Problemen rund um die Schule. Er bietet Raum f\u00fcr Gespr\u00e4che und die Vermittlung von speziellen Beratungs- und Hilfeeinrichtungen. Durch ihren niederschwelligen, aufsuchenden Charakter ist Schulsozialarbeit Pr\u00e4vention und Intervention vor Ort und hat schwerpunktm\u00e4\u00dfig die Sch\u00fclerinnen und Sch\u00fcler im Blick, die auf Unterst\u00fctzung angewiesen sind.<\/p>\n<!-- \/wp:paragraph -->\n\n<!-- wp:paragraph -->\n<p>Schulsozialarbeiter an der Grundschule FAH ist Wolfgang Henze.<\/p>\n<!-- \/wp:paragraph -->\n\n<!-- wp:image {\"id\":159,\"width\":248,\"height\":310,\"sizeSlug\":\"large\"} -->\n<figure class=\"wp-block-image size-large is-resized\"><img src=\"https:\/\/grundschule-fah.de\/wp-content\/uploads\/2020\/06\/Herr-Henze.jpg\" alt=\"\" class=\"wp-image-159\" width=\"248\" height=\"310\"\/><\/figure>\n<!-- \/wp:image -->\n\n<!-- wp:paragraph -->\n<p>Herr Henze ist \u00fcber die Landesschulbeh\u00f6rde eingestellt und unterliegt der beruflichen Schweigepflicht.<\/p>\n<!-- \/wp:paragraph -->\n\n<!-- wp:paragraph -->\n<p>Sein B\u00fcro befindet sich im Obergeschoss zwischen den Betreuungsr\u00e4umen. &nbsp;<\/p>\n<!-- \/wp:paragraph -->\n\n<!-- wp:paragraph -->\n<p><strong>Erreichbarkeit in der Schule: <\/strong><\/p>\n<!-- \/wp:paragraph -->\n\n<!-- wp:paragraph -->\n<p>Montag: 8.00 - 15.00 Uhr<\/p>\n<!-- \/wp:paragraph -->\n\n<!-- wp:paragraph -->\n<p>Donnerstag: 8.00 - 15.00 Uhr<\/p>\n<!-- \/wp:paragraph -->\n\n<!-- wp:paragraph -->\n<p>Freitag (nur in ungeraden Wochen): 8.00 - 15.00 Uhr<\/p>\n<!-- \/wp:paragraph -->\n\n<!-- wp:paragraph -->\n<p>Bitte vereinbaren Sie vorab einen Termin mit <strong>Herrn Henze<\/strong> unter folgenden Kontaktdaten:<\/p>\n<!-- \/wp:paragraph -->\n\n<!-- wp:paragraph -->\n<p><br>Telefon: 0151\/20192330<br>E-Mail: wolfgang.henze@grundschule-fah.schulserver.de<\/p>\n<!-- \/wp:paragraph -->\n\n<!-- wp:paragraph -->\n<p><\/p>\n<!-- \/wp:paragraph -->\n\n<!-- wp:paragraph -->\n<p>Schwerpunkte seiner Arbeit sind unter anderem:<\/p>\n<!-- \/wp:paragraph -->\n\n<!-- wp:list -->\n<ul><li>F\u00f6rderung des Schulklimas und des sozialen Miteinanders<\/li><li>Unterst\u00fctzung und Einzelfallhilfe, pers\u00f6nliche Gespr\u00e4che f\u00fcr Kinder und Eltern in schulischen, famili\u00e4ren oder sonstigen Fragen im \u201egesch\u00fctzten Raum\u201c der Schule<\/li><li>F\u00f6rderung der pers\u00f6nlichen Entwicklung, insbesondere der sozialen Kompetenzen<\/li><li>Ansprechpartner\/ Pr\u00e4senz in den Hofpausen f\u00fcr die Kinder<\/li><li>Hilfe beim Erlernen verantwortlichen Verhaltens, Vermittlung von Werten und Sicherheit, Alltags- und Lebensbew\u00e4ltigung<\/li><li>Unterst\u00fctzung der Sch\u00fclerinnen und Sch\u00fcler bei Problemen in der Schule, im Alltag, in der Familie oder im Freundeskreis<\/li><li>St\u00e4rkung der Eltern in ihrer Erziehungsverantwortung<\/li><li>Zusammenarbeit mit der Schulleitung, den Lehrerinnen und Lehrern, Eltern und der Jugendhilfe<\/li><li>Vernetzung und Kooperationen mit au\u00dferschulischen Institutionen<\/li><\/ul>\n<!-- \/wp:list -->","_et_gb_content_width":"","footnotes":""},"class_list":["post-154","page","type-page","status-publish","hentry"],"_links":{"self":[{"href":"https:\/\/grundschule-fah.de\/index.php?rest_route=\/wp\/v2\/pages\/154","targetHints":{"allow":["GET"]}}],"collection":[{"href":"https:\/\/grundschule-fah.de\/index.php?rest_route=\/wp\/v2\/pages"}],"about":[{"href":"https:\/\/grundschule-fah.de\/index.php?rest_route=\/wp\/v2\/types\/page"}],"author":[{"embeddable":true,"href":"https:\/\/grundschule-fah.de\/index.php?rest_route=\/wp\/v2\/users\/1"}],"replies":[{"embeddable":true,"href":"https:\/\/grundschule-fah.de\/index.php?rest_route=%2Fwp%2Fv2%2Fcomments&post=154"}],"version-history":[{"count":18,"href":"https:\/\/grundschule-fah.de\/index.php?rest_route=\/wp\/v2\/pages\/154\/revisions"}],"predecessor-version":[{"id":1727,"href":"https:\/\/grundschule-fah.de\/index.php?rest_route=\/wp\/v2\/pages\/154\/revisions\/1727"}],"wp:attachment":[{"href":"https:\/\/grundschule-fah.de\/index.php?rest_route=%2Fwp%2Fv2%2Fmedia&parent=154"}],"curies":[{"name":"wp","href":"https:\/\/api.w.org\/{rel}","templated":true}]}}